{"id":26,"date":"2019-07-14T12:39:29","date_gmt":"2019-07-14T10:39:29","guid":{"rendered":"http:\/\/bibliotecaprimaria.home.blog\/?page_id=26"},"modified":"2022-02-22T20:49:20","modified_gmt":"2022-02-22T20:49:20","slug":"pestana-2","status":"publish","type":"page","link":"https:\/\/bibliotecaprimaria.colexioandersen.es\/index.php\/pestana-2\/","title":{"rendered":"A BIBLIOTECA"},"content":{"rendered":"\n<p><strong>GU\u00cdA DA BIBLIOTECA<\/strong><\/p>\n\n\n\n<p>No tr\u00edptico podedes co\u00f1ecer os distintos espazos da biblioteca na nosa escola, como tam\u00e9n o seu uso.<\/p>\n\n\n\n<div data-wp-interactive=\"core\/file\" class=\"wp-block-file\"><object data-wp-bind--hidden=\"!state.hasPdfPreview\"  class=\"wp-block-file__embed\" data=\"https:\/\/bibliotecaprimaria.colexioandersen.es\/wp-content\/uploads\/2022\/02\/Triptico-1-1.pdf\" type=\"application\/pdf\" style=\"width:100%;height:600px\" aria-label=\"Incrustado de Incrustado de Triptico-21-22..\"><\/object><a id=\"wp-block-file--media-7fb0ace5-faa9-4a30-87cb-4e532df52f0c\" href=\"https:\/\/bibliotecaprimaria.colexioandersen.es\/wp-content\/uploads\/2022\/02\/Triptico-1-1.pdf\">Triptico-21-22<\/a><a href=\"https:\/\/bibliotecaprimaria.colexioandersen.es\/wp-content\/uploads\/2022\/02\/Triptico-1-1.pdf\" class=\"wp-block-file__button\" download aria-describedby=\"wp-block-file--media-7fb0ace5-faa9-4a30-87cb-4e532df52f0c\">Descarga<\/a><\/div>\n","protected":false},"excerpt":{"rendered":"<p>GU\u00cdA DA BIBLIOTECA No tr\u00edptico podedes co\u00f1ecer os distintos espazos da biblioteca na nosa escola, como tam\u00e9n o seu uso.<\/p>\n","protected":false},"author":2,"featured_media":0,"parent":0,"menu_order":0,"comment_status":"closed","ping_status":"closed","template":"","meta":{"footnotes":""},"class_list":["post-26","page","type-page","status-publish","hentry"],"_links":{"self":[{"href":"https:\/\/bibliotecaprimaria.colexioandersen.es\/index.php\/wp-json\/wp\/v2\/pages\/26"}],"collection":[{"href":"https:\/\/bibliotecaprimaria.colexioandersen.es\/index.php\/wp-json\/wp\/v2\/pages"}],"about":[{"href":"https:\/\/bibliotecaprimaria.colexioandersen.es\/index.php\/wp-json\/wp\/v2\/types\/page"}],"author":[{"embeddable":true,"href":"https:\/\/bibliotecaprimaria.colexioandersen.es\/index.php\/wp-json\/wp\/v2\/users\/2"}],"replies":[{"embeddable":true,"href":"https:\/\/bibliotecaprimaria.colexioandersen.es\/index.php\/wp-json\/wp\/v2\/comments?post=26"}],"version-history":[{"count":3,"href":"https:\/\/bibliotecaprimaria.colexioandersen.es\/index.php\/wp-json\/wp\/v2\/pages\/26\/revisions"}],"predecessor-version":[{"id":1160,"href":"https:\/\/bibliotecaprimaria.colexioandersen.es\/index.php\/wp-json\/wp\/v2\/pages\/26\/revisions\/1160"}],"wp:attachment":[{"href":"https:\/\/bibliotecaprimaria.colexioandersen.es\/index.php\/wp-json\/wp\/v2\/media?parent=26"}],"curies":[{"name":"wp","href":"https:\/\/api.w.org\/{rel}","templated":true}]}}